{"id":2843,"date":"2026-03-22T20:04:28","date_gmt":"2026-03-22T23:04:28","guid":{"rendered":"https:\/\/cedite.facet.unt.edu.ar\/?page_id=2843"},"modified":"2026-04-29T09:42:21","modified_gmt":"2026-04-29T12:42:21","slug":"cursos","status":"publish","type":"page","link":"https:\/\/cedite.facet.unt.edu.ar\/?page_id=2843","title":{"rendered":"Cursos"},"content":{"rendered":"\t\t<div data-elementor-type=\"wp-page\" data-elementor-id=\"2843\" class=\"elementor elementor-2843\">\n\t\t\t\t<div class=\"elementor-element elementor-element-809cf5b e-flex e-con-boxed e-con e-parent\" data-id=\"809cf5b\" data-element_type=\"container\" data-e-type=\"container\">\n\t\t\t\t\t<div class=\"e-con-inner\">\n\t\t\t\t<div class=\"elementor-element elementor-element-cfb1bf1 elementor-widget elementor-widget-text-editor\" data-id=\"cfb1bf1\" data-element_type=\"widget\" data-e-type=\"widget\" data-widget_type=\"text-editor.default\">\n\t\t\t\t<div class=\"elementor-widget-container\">\n\t\t\t\t\t\t\t\t\t<h4><span style=\"font-weight: 400;\">Todas nuestras propuestas de capacitaci\u00f3n est\u00e1n dise\u00f1adas con un s\u00f3lido acompa\u00f1amiento tutorial y ofrecen las implicancias y recomendaciones did\u00e1cticas para la implementaci\u00f3n de las herramientas tecnol\u00f3gicas involucradas.<\/span><\/h4>\t\t\t\t\t\t\t\t<\/div>\n\t\t\t\t<\/div>\n\t\t\t\t\t<\/div>\n\t\t\t\t<\/div>\n\t\t\t\t<section class=\"elementor-section elementor-top-section elementor-element elementor-element-624513b elementor-section-boxed elementor-section-height-default elementor-section-height-default\" data-id=\"624513b\" data-element_type=\"section\" data-e-type=\"section\">\n\t\t\t\t\t\t<div class=\"elementor-container elementor-column-gap-default\">\n\t\t\t\t\t<div class=\"elementor-column elementor-col-100 elementor-top-column elementor-element elementor-element-297fd7d\" data-id=\"297fd7d\" data-element_type=\"column\" data-e-type=\"column\">\n\t\t\t<div class=\"elementor-widget-wrap elementor-element-populated\">\n\t\t\t\t\t\t<div class=\"elementor-element elementor-element-c0fe926 elementor-widget elementor-widget-text-editor\" data-id=\"c0fe926\" data-element_type=\"widget\" data-e-type=\"widget\" data-widget_type=\"text-editor.default\">\n\t\t\t\t<div class=\"elementor-widget-container\">\n\t\t\t\t\t\t\t\t\t<p>\n<div class=\"vp-portfolio vp-uid-05ee230b vp-id-2873 \"\n\tdata-vp-layout=\"grid\" data-vp-content-source=\"images\" data-vp-items-style=\"fly\" data-vp-items-click-action=\"url\" data-vp-items-gap=\"10\" data-vp-items-gap-vertical=\"0\" data-vp-pagination=\"load-more\" data-vp-next-page-url=\"\" data-vp-grid-columns=\"3\" >\n\t<div class=\"vp-portfolio__preloader-wrap\">\n\t\t<div class=\"vp-portfolio__preloader\">\n\t\t\t<img decoding=\"async\" loading=\"eager\" src=\"https:\/\/cedite.facet.unt.edu.ar\/wp-content\/plugins\/visual-portfolio\/assets\/images\/logo-dark.svg\" alt=\"Visual Portfolio, Posts &amp; Image Gallery for WordPress\" width=\"20\" height=\"20\" data-skip-lazy>\n\t\t<\/div>\n\t<\/div>\n\t\t<div class=\"vp-portfolio__items-wrap\">\n\t\t\t\n<div class=\"vp-portfolio__items vp-portfolio__items-style-fly vp-portfolio__items-show-overlay-hover\">\n\n\t\t<div\t\tclass=\"vp-portfolio__item-wrap vp-portfolio__item-uid-44a3df35\" data-vp-filter=\"\" \t\t>\n\t\t\t\t\t\t\t\t\t<figure class=\"vp-portfolio__item\">\n\t\t\t\t\n<div class=\"vp-portfolio__item-img-wrap\">\n\t<div class=\"vp-portfolio__item-img\">\n\t\t\t<a\n\t\thref=\"https:\/\/cedite.facet.unt.edu.ar\/?p=2874\"\n\t\taria-label=\"Herramientas para la Gesti\u00f3n de Aulas Virtuales\" \t>\n\t\n\t\t<noscript><img fetchpriority=\"high\" decoding=\"async\" width=\"1080\" height=\"1350\" data-skip-lazy src=\"https:\/\/cedite.facet.unt.edu.ar\/wp-content\/uploads\/2026\/03\/Curso-HGAV-Promo-Web-2.png\" class=\"wp-image-2947\" alt=\"\" srcset=\"https:\/\/cedite.facet.unt.edu.ar\/wp-content\/uploads\/2026\/03\/Curso-HGAV-Promo-Web-2.png 1080w, https:\/\/cedite.facet.unt.edu.ar\/wp-content\/uploads\/2026\/03\/Curso-HGAV-Promo-Web-2-240x300.png 240w, https:\/\/cedite.facet.unt.edu.ar\/wp-content\/uploads\/2026\/03\/Curso-HGAV-Promo-Web-2-819x1024.png 819w, https:\/\/cedite.facet.unt.edu.ar\/wp-content\/uploads\/2026\/03\/Curso-HGAV-Promo-Web-2-768x960.png 768w, https:\/\/cedite.facet.unt.edu.ar\/wp-content\/uploads\/2026\/03\/Curso-HGAV-Promo-Web-2-500x625.png 500w, https:\/\/cedite.facet.unt.edu.ar\/wp-content\/uploads\/2026\/03\/Curso-HGAV-Promo-Web-2-800x1000.png 800w\" sizes=\"(max-width: 1080px) 100vw, 1080px\" \/><\/noscript><img decoding=\"async\" width=\"1080\" height=\"1350\" src=\"https:\/\/cedite.facet.unt.edu.ar\/wp-content\/uploads\/2026\/03\/Curso-HGAV-Promo-Web-2.png\" class=\"wp-image-2947 vp-lazyload\" alt srcset=\"data:image\/svg+xml;base64,PHN2ZyB3aWR0aD0iMTA4MCIgaGVpZ2h0PSIxMzUwIiB2aWV3Qm94PSIwIDAgMTA4MCAxMzUwIiBmaWxsPSJub25lIiB4bWxucz0iaHR0cDovL3d3dy53My5vcmcvMjAwMC9zdmciPjwvc3ZnPg==\" data-src=\"https:\/\/cedite.facet.unt.edu.ar\/wp-content\/uploads\/2026\/03\/Curso-HGAV-Promo-Web-2.png\" data-srcset=\"https:\/\/cedite.facet.unt.edu.ar\/wp-content\/uploads\/2026\/03\/Curso-HGAV-Promo-Web-2.png 1080w, https:\/\/cedite.facet.unt.edu.ar\/wp-content\/uploads\/2026\/03\/Curso-HGAV-Promo-Web-2-240x300.png 240w, https:\/\/cedite.facet.unt.edu.ar\/wp-content\/uploads\/2026\/03\/Curso-HGAV-Promo-Web-2-819x1024.png 819w, https:\/\/cedite.facet.unt.edu.ar\/wp-content\/uploads\/2026\/03\/Curso-HGAV-Promo-Web-2-768x960.png 768w, https:\/\/cedite.facet.unt.edu.ar\/wp-content\/uploads\/2026\/03\/Curso-HGAV-Promo-Web-2-500x625.png 500w, https:\/\/cedite.facet.unt.edu.ar\/wp-content\/uploads\/2026\/03\/Curso-HGAV-Promo-Web-2-800x1000.png 800w\" data-sizes=\"auto\" loading=\"eager\">\n\t\t<\/a>\t<\/div>\n<\/div>\n\t<figcaption class=\"vp-portfolio__item-overlay vp-portfolio__item-overlay-text-align-center\">\n\t\t<div class=\"vp-portfolio__item-meta-wrap vp-portfolio__custom-scrollbar\">\n\t\t\t\t<a\n\t\thref=\"https:\/\/cedite.facet.unt.edu.ar\/?p=2874\"\n\t\ttabindex=\"-1\" class=\"vp-portfolio__item-meta\" aria-label=\"Herramientas para la Gesti\u00f3n de Aulas Virtuales\" \t>\n\t\n<h2 class=\"vp-portfolio__item-meta-title\">\n\tHerramientas para la Gesti\u00f3n de Aulas Virtuales<\/h2>\n<\/a>\t\t<\/div>\n\t<\/figcaption>\n\t\t\t<\/figure>\n\t\t\t\t\t<\/div>\n\t\t\n\t\t<div\t\tclass=\"vp-portfolio__item-wrap vp-portfolio__item-uid-09a9020a\" data-vp-filter=\"\" \t\t>\n\t\t\t\t\t\t\t\t\t<figure class=\"vp-portfolio__item\">\n\t\t\t\t\n<div class=\"vp-portfolio__item-img-wrap\">\n\t<div class=\"vp-portfolio__item-img\">\n\t\t\t<a\n\t\thref=\"https:\/\/cedite.facet.unt.edu.ar\/?p=2964\"\n\t\taria-label=\"Herramientas Avanzadas para Aulas Virtuales\" \t>\n\t\n\t\t<noscript><img decoding=\"async\" width=\"1080\" height=\"1350\" data-skip-lazy src=\"https:\/\/cedite.facet.unt.edu.ar\/wp-content\/uploads\/2026\/03\/Curso-HAAV-Promo-Web-1.png\" class=\"wp-image-2942\" alt=\"\" srcset=\"https:\/\/cedite.facet.unt.edu.ar\/wp-content\/uploads\/2026\/03\/Curso-HAAV-Promo-Web-1.png 1080w, https:\/\/cedite.facet.unt.edu.ar\/wp-content\/uploads\/2026\/03\/Curso-HAAV-Promo-Web-1-240x300.png 240w, https:\/\/cedite.facet.unt.edu.ar\/wp-content\/uploads\/2026\/03\/Curso-HAAV-Promo-Web-1-819x1024.png 819w, https:\/\/cedite.facet.unt.edu.ar\/wp-content\/uploads\/2026\/03\/Curso-HAAV-Promo-Web-1-768x960.png 768w, https:\/\/cedite.facet.unt.edu.ar\/wp-content\/uploads\/2026\/03\/Curso-HAAV-Promo-Web-1-500x625.png 500w, https:\/\/cedite.facet.unt.edu.ar\/wp-content\/uploads\/2026\/03\/Curso-HAAV-Promo-Web-1-800x1000.png 800w\" sizes=\"(max-width: 1080px) 100vw, 1080px\" \/><\/noscript><img decoding=\"async\" width=\"1080\" height=\"1350\" src=\"https:\/\/cedite.facet.unt.edu.ar\/wp-content\/uploads\/2026\/03\/Curso-HAAV-Promo-Web-1.png\" class=\"wp-image-2942 vp-lazyload\" alt srcset=\"data:image\/svg+xml;base64,PHN2ZyB3aWR0aD0iMTA4MCIgaGVpZ2h0PSIxMzUwIiB2aWV3Qm94PSIwIDAgMTA4MCAxMzUwIiBmaWxsPSJub25lIiB4bWxucz0iaHR0cDovL3d3dy53My5vcmcvMjAwMC9zdmciPjwvc3ZnPg==\" data-src=\"https:\/\/cedite.facet.unt.edu.ar\/wp-content\/uploads\/2026\/03\/Curso-HAAV-Promo-Web-1.png\" data-srcset=\"https:\/\/cedite.facet.unt.edu.ar\/wp-content\/uploads\/2026\/03\/Curso-HAAV-Promo-Web-1.png 1080w, https:\/\/cedite.facet.unt.edu.ar\/wp-content\/uploads\/2026\/03\/Curso-HAAV-Promo-Web-1-240x300.png 240w, https:\/\/cedite.facet.unt.edu.ar\/wp-content\/uploads\/2026\/03\/Curso-HAAV-Promo-Web-1-819x1024.png 819w, https:\/\/cedite.facet.unt.edu.ar\/wp-content\/uploads\/2026\/03\/Curso-HAAV-Promo-Web-1-768x960.png 768w, https:\/\/cedite.facet.unt.edu.ar\/wp-content\/uploads\/2026\/03\/Curso-HAAV-Promo-Web-1-500x625.png 500w, https:\/\/cedite.facet.unt.edu.ar\/wp-content\/uploads\/2026\/03\/Curso-HAAV-Promo-Web-1-800x1000.png 800w\" data-sizes=\"auto\" loading=\"eager\">\n\t\t<\/a>\t<\/div>\n<\/div>\n\t<figcaption class=\"vp-portfolio__item-overlay vp-portfolio__item-overlay-text-align-center\">\n\t\t<div class=\"vp-portfolio__item-meta-wrap vp-portfolio__custom-scrollbar\">\n\t\t\t\t<a\n\t\thref=\"https:\/\/cedite.facet.unt.edu.ar\/?p=2964\"\n\t\ttabindex=\"-1\" class=\"vp-portfolio__item-meta\" aria-label=\"Herramientas Avanzadas para Aulas Virtuales\" \t>\n\t\n<h2 class=\"vp-portfolio__item-meta-title\">\n\tHerramientas Avanzadas para Aulas Virtuales<\/h2>\n<\/a>\t\t<\/div>\n\t<\/figcaption>\n\t\t\t<\/figure>\n\t\t\t\t\t<\/div>\n\t\t\n\t\t<div\t\tclass=\"vp-portfolio__item-wrap vp-portfolio__item-uid-aedc91c4\" data-vp-filter=\"\" \t\t>\n\t\t\t\t\t\t\t\t\t<figure class=\"vp-portfolio__item\">\n\t\t\t\t\n<div class=\"vp-portfolio__item-img-wrap\">\n\t<div class=\"vp-portfolio__item-img\">\n\t\t\t<a\n\t\thref=\"https:\/\/cedite.facet.unt.edu.ar\/?p=2973\"\n\t\taria-label=\"Tutor\u00eda en Entornos Virtuales: Estrategias y Herramientas\" \t>\n\t\n\t\t<noscript><img decoding=\"async\" width=\"1080\" height=\"1350\" data-skip-lazy src=\"https:\/\/cedite.facet.unt.edu.ar\/wp-content\/uploads\/2026\/03\/Tutoria-Promo-Web-2.png\" class=\"wp-image-2948\" alt=\"\" srcset=\"https:\/\/cedite.facet.unt.edu.ar\/wp-content\/uploads\/2026\/03\/Tutoria-Promo-Web-2.png 1080w, https:\/\/cedite.facet.unt.edu.ar\/wp-content\/uploads\/2026\/03\/Tutoria-Promo-Web-2-240x300.png 240w, https:\/\/cedite.facet.unt.edu.ar\/wp-content\/uploads\/2026\/03\/Tutoria-Promo-Web-2-819x1024.png 819w, https:\/\/cedite.facet.unt.edu.ar\/wp-content\/uploads\/2026\/03\/Tutoria-Promo-Web-2-768x960.png 768w, https:\/\/cedite.facet.unt.edu.ar\/wp-content\/uploads\/2026\/03\/Tutoria-Promo-Web-2-500x625.png 500w, https:\/\/cedite.facet.unt.edu.ar\/wp-content\/uploads\/2026\/03\/Tutoria-Promo-Web-2-800x1000.png 800w\" sizes=\"(max-width: 1080px) 100vw, 1080px\" \/><\/noscript><img decoding=\"async\" width=\"1080\" height=\"1350\" src=\"https:\/\/cedite.facet.unt.edu.ar\/wp-content\/uploads\/2026\/03\/Tutoria-Promo-Web-2.png\" class=\"wp-image-2948 vp-lazyload\" alt srcset=\"data:image\/svg+xml;base64,PHN2ZyB3aWR0aD0iMTA4MCIgaGVpZ2h0PSIxMzUwIiB2aWV3Qm94PSIwIDAgMTA4MCAxMzUwIiBmaWxsPSJub25lIiB4bWxucz0iaHR0cDovL3d3dy53My5vcmcvMjAwMC9zdmciPjwvc3ZnPg==\" data-src=\"https:\/\/cedite.facet.unt.edu.ar\/wp-content\/uploads\/2026\/03\/Tutoria-Promo-Web-2.png\" data-srcset=\"https:\/\/cedite.facet.unt.edu.ar\/wp-content\/uploads\/2026\/03\/Tutoria-Promo-Web-2.png 1080w, https:\/\/cedite.facet.unt.edu.ar\/wp-content\/uploads\/2026\/03\/Tutoria-Promo-Web-2-240x300.png 240w, https:\/\/cedite.facet.unt.edu.ar\/wp-content\/uploads\/2026\/03\/Tutoria-Promo-Web-2-819x1024.png 819w, https:\/\/cedite.facet.unt.edu.ar\/wp-content\/uploads\/2026\/03\/Tutoria-Promo-Web-2-768x960.png 768w, https:\/\/cedite.facet.unt.edu.ar\/wp-content\/uploads\/2026\/03\/Tutoria-Promo-Web-2-500x625.png 500w, https:\/\/cedite.facet.unt.edu.ar\/wp-content\/uploads\/2026\/03\/Tutoria-Promo-Web-2-800x1000.png 800w\" data-sizes=\"auto\" loading=\"eager\">\n\t\t<\/a>\t<\/div>\n<\/div>\n\t<figcaption class=\"vp-portfolio__item-overlay vp-portfolio__item-overlay-text-align-center\">\n\t\t<div class=\"vp-portfolio__item-meta-wrap vp-portfolio__custom-scrollbar\">\n\t\t\t\t<a\n\t\thref=\"https:\/\/cedite.facet.unt.edu.ar\/?p=2973\"\n\t\ttabindex=\"-1\" class=\"vp-portfolio__item-meta\" aria-label=\"Tutor\u00eda en Entornos Virtuales: Estrategias y Herramientas\" \t>\n\t\n<h2 class=\"vp-portfolio__item-meta-title\">\n\tTutor\u00eda en Entornos Virtuales: Estrategias y Herramientas<\/h2>\n<\/a>\t\t<\/div>\n\t<\/figcaption>\n\t\t\t<\/figure>\n\t\t\t\t\t<\/div>\n\t\t\n<\/div>\n\t\t<\/div>\n\t\t\n<\/div>\n<\/p>\t\t\t\t\t\t\t\t<\/div>\n\t\t\t\t<\/div>\n\t\t\t\t\t<\/div>\n\t\t<\/div>\n\t\t\t\t\t<\/div>\n\t\t<\/section>\n\t\t\t\t<\/div>\n\t\t","protected":false},"excerpt":{"rendered":"<p>Todas nuestras propuestas de capacitaci\u00f3n est\u00e1n dise\u00f1adas con un s\u00f3lido acompa\u00f1amiento tutorial y ofrecen las implicancias y recomendaciones did\u00e1cticas para la implementaci\u00f3n de las herramientas tecnol\u00f3gicas involucradas.<\/p>\n","protected":false},"author":1,"featured_media":0,"parent":0,"menu_order":0,"comment_status":"closed","ping_status":"closed","template":"","meta":{"_vp_format_video_url":"","_vp_image_focal_point":[],"footnotes":""},"class_list":["post-2843","page","type-page","status-publish","hentry"],"_links":{"self":[{"href":"https:\/\/cedite.facet.unt.edu.ar\/index.php?rest_route=\/wp\/v2\/pages\/2843","targetHints":{"allow":["GET"]}}],"collection":[{"href":"https:\/\/cedite.facet.unt.edu.ar\/index.php?rest_route=\/wp\/v2\/pages"}],"about":[{"href":"https:\/\/cedite.facet.unt.edu.ar\/index.php?rest_route=\/wp\/v2\/types\/page"}],"author":[{"embeddable":true,"href":"https:\/\/cedite.facet.unt.edu.ar\/index.php?rest_route=\/wp\/v2\/users\/1"}],"replies":[{"embeddable":true,"href":"https:\/\/cedite.facet.unt.edu.ar\/index.php?rest_route=%2Fwp%2Fv2%2Fcomments&post=2843"}],"version-history":[{"count":16,"href":"https:\/\/cedite.facet.unt.edu.ar\/index.php?rest_route=\/wp\/v2\/pages\/2843\/revisions"}],"predecessor-version":[{"id":2962,"href":"https:\/\/cedite.facet.unt.edu.ar\/index.php?rest_route=\/wp\/v2\/pages\/2843\/revisions\/2962"}],"wp:attachment":[{"href":"https:\/\/cedite.facet.unt.edu.ar\/index.php?rest_route=%2Fwp%2Fv2%2Fmedia&parent=2843"}],"curies":[{"name":"wp","href":"https:\/\/api.w.org\/{rel}","templated":true}]}}