{"id":2327,"date":"2025-12-01T10:50:59","date_gmt":"2025-12-01T13:50:59","guid":{"rendered":"https:\/\/cedite.facet.unt.edu.ar\/?page_id=2327"},"modified":"2025-12-01T15:39:50","modified_gmt":"2025-12-01T18:39:50","slug":"presentacion-de-trabajos","status":"publish","type":"page","link":"https:\/\/cedite.facet.unt.edu.ar\/?page_id=2327","title":{"rendered":"Presentaci\u00f3n de Trabajos"},"content":{"rendered":"\t\t<div data-elementor-type=\"wp-page\" data-elementor-id=\"2327\" class=\"elementor elementor-2327\">\n\t\t\t\t\t\t<section class=\"elementor-section elementor-top-section elementor-element elementor-element-733b90d elementor-section-boxed elementor-section-height-default elementor-section-height-default\" data-id=\"733b90d\" data-element_type=\"section\" data-e-type=\"section\">\n\t\t\t\t\t\t<div class=\"elementor-container elementor-column-gap-default\">\n\t\t\t\t\t<div class=\"elementor-column elementor-col-100 elementor-top-column elementor-element elementor-element-2c50990\" data-id=\"2c50990\" data-element_type=\"column\" data-e-type=\"column\">\n\t\t\t<div class=\"elementor-widget-wrap elementor-element-populated\">\n\t\t\t\t\t\t<div class=\"elementor-element elementor-element-8b1a220 elementor-widget elementor-widget-text-editor\" data-id=\"8b1a220\" data-element_type=\"widget\" data-e-type=\"widget\" data-widget_type=\"text-editor.default\">\n\t\t\t\t<div class=\"elementor-widget-container\">\n\t\t\t\t\t\t\t\t\t<p>El Centro de Educaci\u00f3n a Distancia e Investigaci\u00f3n en Tecnolog\u00eda Educativa (CEDITE) \u2013 FACET &#8211; UNT, en el marco de su 15\u00b0 aniversario, organiz\u00f3 las IV Jornadas de Intercambio de Experiencias Educativas 2025. <br \/>Las IV JIEE tuvieron lugar el 30 de Octubre Anfiteatro Dra. Elisa M. Colombo. A lo largo del evento, los participantes intercambiaron experiencias, debatieron desaf\u00edos comunes y compartieron propuestas que fortalecen el desarrollo de la educaci\u00f3n a distancia en la UNT.<\/p><p>Enlace a la grabaci\u00f3n del evento (sesi\u00f3n ma\u00f1ana): <strong><a href=\"https:\/\/www.youtube.com\/live\/3cvf8SsfaJA?si=OTKQhcMeycT0N-7E\" target=\"_blank\" rel=\"noopener\">VER<\/a><\/strong><\/p><p><span style=\"font-size: 16px;\">Enlace a la grabaci\u00f3n del evento (sesi\u00f3n tarde): <a href=\"https:\/\/www.youtube.com\/live\/mWJe3Re3Gwo?si=2VjL56wgrSbg-S7Q\" target=\"_blank\" rel=\"noopener\"><strong>VER<\/strong><\/a><\/span><\/p><h2 style=\"text-align: center;\">\u23ec\u23ec\u23ec<\/h2>\t\t\t\t\t\t\t\t<\/div>\n\t\t\t\t<\/div>\n\t\t\t\t\t<\/div>\n\t\t<\/div>\n\t\t\t\t\t<\/div>\n\t\t<\/section>\n\t\t\t\t<section class=\"elementor-section elementor-top-section elementor-element elementor-element-644cd89 elementor-section-boxed elementor-section-height-default elementor-section-height-default\" data-id=\"644cd89\" data-element_type=\"section\" data-e-type=\"section\">\n\t\t\t\t\t\t<div class=\"elementor-container elementor-column-gap-default\">\n\t\t\t\t\t<div class=\"elementor-column elementor-col-100 elementor-top-column elementor-element elementor-element-a2164c9\" data-id=\"a2164c9\" data-element_type=\"column\" data-e-type=\"column\">\n\t\t\t<div class=\"elementor-widget-wrap elementor-element-populated\">\n\t\t\t\t\t\t<div class=\"elementor-element elementor-element-7237e3b elementor-arrows-position-inside elementor-pagination-position-outside elementor-widget elementor-widget-image-carousel\" data-id=\"7237e3b\" data-element_type=\"widget\" data-e-type=\"widget\" data-settings=\"{&quot;slides_to_show&quot;:&quot;1&quot;,&quot;navigation&quot;:&quot;both&quot;,&quot;autoplay&quot;:&quot;yes&quot;,&quot;pause_on_hover&quot;:&quot;yes&quot;,&quot;pause_on_interaction&quot;:&quot;yes&quot;,&quot;autoplay_speed&quot;:5000,&quot;infinite&quot;:&quot;yes&quot;,&quot;effect&quot;:&quot;slide&quot;,&quot;speed&quot;:500}\" data-widget_type=\"image-carousel.default\">\n\t\t\t\t<div class=\"elementor-widget-container\">\n\t\t\t\t\t\t\t<div class=\"elementor-image-carousel-wrapper swiper\" role=\"region\" aria-roledescription=\"carousel\" aria-label=\"Carrusel de im\u00e1genes\" dir=\"ltr\">\n\t\t\t<div class=\"elementor-image-carousel swiper-wrapper\" aria-live=\"off\">\n\t\t\t\t\t\t\t\t<div class=\"swiper-slide\" role=\"group\" aria-roledescription=\"slide\" aria-label=\"1 of 31\"><figure class=\"swiper-slide-inner\"><img decoding=\"async\" class=\"swiper-slide-image\" src=\"https:\/\/cedite.facet.unt.edu.ar\/wp-content\/uploads\/2025\/12\/1-Expositoras-Silva-Valladares-1-1024x617.png\" alt=\"1 Expositoras Silva-Valladares 1\" \/><\/figure><\/div><div class=\"swiper-slide\" role=\"group\" aria-roledescription=\"slide\" aria-label=\"2 of 31\"><figure class=\"swiper-slide-inner\"><img decoding=\"async\" class=\"swiper-slide-image\" src=\"https:\/\/cedite.facet.unt.edu.ar\/wp-content\/uploads\/2025\/12\/1-Expositoras-Silva-Valladares-2-1-1024x621.png\" alt=\"1 Expositoras Silva-Valladares 2\" \/><\/figure><\/div><div class=\"swiper-slide\" role=\"group\" aria-roledescription=\"slide\" aria-label=\"3 of 31\"><figure class=\"swiper-slide-inner\"><img decoding=\"async\" class=\"swiper-slide-image\" src=\"https:\/\/cedite.facet.unt.edu.ar\/wp-content\/uploads\/2025\/12\/1-Expositoras-Silva-Valladares-3-1024x764.png\" alt=\"1 Expositoras Silva-Valladares 3\" \/><\/figure><\/div><div class=\"swiper-slide\" role=\"group\" aria-roledescription=\"slide\" aria-label=\"4 of 31\"><figure class=\"swiper-slide-inner\"><img decoding=\"async\" class=\"swiper-slide-image\" src=\"https:\/\/cedite.facet.unt.edu.ar\/wp-content\/uploads\/2025\/12\/2-Expositora-Sfer-1-1024x660.png\" alt=\"2 Expositora Sfer 1\" \/><\/figure><\/div><div class=\"swiper-slide\" role=\"group\" aria-roledescription=\"slide\" aria-label=\"5 of 31\"><figure class=\"swiper-slide-inner\"><img decoding=\"async\" class=\"swiper-slide-image\" src=\"https:\/\/cedite.facet.unt.edu.ar\/wp-content\/uploads\/2025\/12\/2-Expositora-Sfer-2-1024x768.jpg\" alt=\"2 Expositora Sfer 2\" \/><\/figure><\/div><div class=\"swiper-slide\" role=\"group\" aria-roledescription=\"slide\" aria-label=\"6 of 31\"><figure class=\"swiper-slide-inner\"><img decoding=\"async\" class=\"swiper-slide-image\" src=\"https:\/\/cedite.facet.unt.edu.ar\/wp-content\/uploads\/2025\/12\/2-Expositora-Sfer-2-1024x912.png\" alt=\"2 Expositora Sfer 2\" \/><\/figure><\/div><div class=\"swiper-slide\" role=\"group\" aria-roledescription=\"slide\" aria-label=\"7 of 31\"><figure class=\"swiper-slide-inner\"><img decoding=\"async\" class=\"swiper-slide-image\" src=\"https:\/\/cedite.facet.unt.edu.ar\/wp-content\/uploads\/2025\/12\/2-Expositora-Sfer-3-885x1024.png\" alt=\"2 Expositora Sfer 3\" \/><\/figure><\/div><div class=\"swiper-slide\" role=\"group\" aria-roledescription=\"slide\" aria-label=\"8 of 31\"><figure class=\"swiper-slide-inner\"><img decoding=\"async\" class=\"swiper-slide-image\" src=\"https:\/\/cedite.facet.unt.edu.ar\/wp-content\/uploads\/2025\/12\/3-Expositores-MedinaB-Pereyra-1-1024x622.png\" alt=\"3 Expositores MedinaB - Pereyra 1\" \/><\/figure><\/div><div class=\"swiper-slide\" role=\"group\" aria-roledescription=\"slide\" aria-label=\"9 of 31\"><figure class=\"swiper-slide-inner\"><img decoding=\"async\" class=\"swiper-slide-image\" src=\"https:\/\/cedite.facet.unt.edu.ar\/wp-content\/uploads\/2025\/12\/3-Expositores-MedinaB-Pereyra-2-1024x624.png\" alt=\"3 Expositores MedinaB - Pereyra 2\" \/><\/figure><\/div><div class=\"swiper-slide\" role=\"group\" aria-roledescription=\"slide\" aria-label=\"10 of 31\"><figure class=\"swiper-slide-inner\"><img decoding=\"async\" class=\"swiper-slide-image\" src=\"https:\/\/cedite.facet.unt.edu.ar\/wp-content\/uploads\/2025\/12\/3-Expositores-MedinaB-Pereyra-3-1024x450.png\" alt=\"3 Expositores MedinaB - Pereyra 3\" \/><\/figure><\/div><div class=\"swiper-slide\" role=\"group\" aria-roledescription=\"slide\" aria-label=\"11 of 31\"><figure class=\"swiper-slide-inner\"><img decoding=\"async\" class=\"swiper-slide-image\" src=\"https:\/\/cedite.facet.unt.edu.ar\/wp-content\/uploads\/2025\/12\/3-Expositores-MedinaB-Pereyra-4-1024x563.png\" alt=\"3 Expositores MedinaB - Pereyra 4\" \/><\/figure><\/div><div class=\"swiper-slide\" role=\"group\" aria-roledescription=\"slide\" aria-label=\"12 of 31\"><figure class=\"swiper-slide-inner\"><img decoding=\"async\" class=\"swiper-slide-image\" src=\"https:\/\/cedite.facet.unt.edu.ar\/wp-content\/uploads\/2025\/12\/4-Expositora-Acevedo-1-1024x771.png\" alt=\"4 Expositora Acevedo\" \/><\/figure><\/div><div class=\"swiper-slide\" role=\"group\" aria-roledescription=\"slide\" aria-label=\"13 of 31\"><figure class=\"swiper-slide-inner\"><img decoding=\"async\" class=\"swiper-slide-image\" src=\"https:\/\/cedite.facet.unt.edu.ar\/wp-content\/uploads\/2025\/12\/5-Expositoras-Psico-0-1024x577.jpg\" alt=\"5 Expositoras Psico 0\" \/><\/figure><\/div><div class=\"swiper-slide\" role=\"group\" aria-roledescription=\"slide\" aria-label=\"14 of 31\"><figure class=\"swiper-slide-inner\"><img decoding=\"async\" class=\"swiper-slide-image\" src=\"https:\/\/cedite.facet.unt.edu.ar\/wp-content\/uploads\/2025\/12\/5-Expositoras-Psico-1-1024x620.png\" alt=\"5 Expositoras Psico 1\" \/><\/figure><\/div><div class=\"swiper-slide\" role=\"group\" aria-roledescription=\"slide\" aria-label=\"15 of 31\"><figure class=\"swiper-slide-inner\"><img decoding=\"async\" class=\"swiper-slide-image\" src=\"https:\/\/cedite.facet.unt.edu.ar\/wp-content\/uploads\/2025\/12\/5-Expositoras-Psico-2-1024x613.png\" alt=\"5 Expositoras Psico 2\" \/><\/figure><\/div><div class=\"swiper-slide\" role=\"group\" aria-roledescription=\"slide\" aria-label=\"16 of 31\"><figure class=\"swiper-slide-inner\"><img decoding=\"async\" class=\"swiper-slide-image\" src=\"https:\/\/cedite.facet.unt.edu.ar\/wp-content\/uploads\/2025\/12\/5-Expositoras-Psico-3-1024x578.png\" alt=\"5 Expositoras Psico 3\" \/><\/figure><\/div><div class=\"swiper-slide\" role=\"group\" aria-roledescription=\"slide\" aria-label=\"17 of 31\"><figure class=\"swiper-slide-inner\"><img decoding=\"async\" class=\"swiper-slide-image\" src=\"https:\/\/cedite.facet.unt.edu.ar\/wp-content\/uploads\/2025\/12\/6-Expositora-Uruena-1-1024x626.png\" alt=\"6 Expositora Uruen\u0303a\" \/><\/figure><\/div><div class=\"swiper-slide\" role=\"group\" aria-roledescription=\"slide\" aria-label=\"18 of 31\"><figure class=\"swiper-slide-inner\"><img decoding=\"async\" class=\"swiper-slide-image\" src=\"https:\/\/cedite.facet.unt.edu.ar\/wp-content\/uploads\/2025\/12\/6-Expositora-Uruena1-1024x633.png\" alt=\"6 Expositora Uruen\u0303a(1)\" \/><\/figure><\/div><div class=\"swiper-slide\" role=\"group\" aria-roledescription=\"slide\" aria-label=\"19 of 31\"><figure class=\"swiper-slide-inner\"><img decoding=\"async\" class=\"swiper-slide-image\" src=\"https:\/\/cedite.facet.unt.edu.ar\/wp-content\/uploads\/2025\/12\/7-Expositores-Diaz-Carrizo-Molina-2-1-1024x632.png\" alt=\"7 Expositores Di\u0301az-Carrizo-Molina 2\" \/><\/figure><\/div><div class=\"swiper-slide\" role=\"group\" aria-roledescription=\"slide\" aria-label=\"20 of 31\"><figure class=\"swiper-slide-inner\"><img decoding=\"async\" class=\"swiper-slide-image\" src=\"https:\/\/cedite.facet.unt.edu.ar\/wp-content\/uploads\/2025\/12\/7-Expositores-Diaz-Carrizo-Molina-4-1024x467.png\" alt=\"7 Expositores Di\u0301az-Carrizo-Molina 4\" \/><\/figure><\/div><div class=\"swiper-slide\" role=\"group\" aria-roledescription=\"slide\" aria-label=\"21 of 31\"><figure class=\"swiper-slide-inner\"><img decoding=\"async\" class=\"swiper-slide-image\" src=\"https:\/\/cedite.facet.unt.edu.ar\/wp-content\/uploads\/2025\/12\/8-Expositora-Ingles-01-1-1024x731.png\" alt=\"8 Expositora Ingles 01\" \/><\/figure><\/div><div class=\"swiper-slide\" role=\"group\" aria-roledescription=\"slide\" aria-label=\"22 of 31\"><figure class=\"swiper-slide-inner\"><img decoding=\"async\" class=\"swiper-slide-image\" src=\"https:\/\/cedite.facet.unt.edu.ar\/wp-content\/uploads\/2025\/12\/8-Expositora-Ingles-02-1024x708.png\" alt=\"8 Expositora Ingles 02\" \/><\/figure><\/div><div class=\"swiper-slide\" role=\"group\" aria-roledescription=\"slide\" aria-label=\"23 of 31\"><figure class=\"swiper-slide-inner\"><img decoding=\"async\" class=\"swiper-slide-image\" src=\"https:\/\/cedite.facet.unt.edu.ar\/wp-content\/uploads\/2025\/12\/9-Expositores-Carrizo-Diaz-Molina-2-1024x762.png\" alt=\"9 Expositores Carrizo-Di\u0301az-Molina 2\" \/><\/figure><\/div><div class=\"swiper-slide\" role=\"group\" aria-roledescription=\"slide\" aria-label=\"24 of 31\"><figure class=\"swiper-slide-inner\"><img decoding=\"async\" class=\"swiper-slide-image\" src=\"https:\/\/cedite.facet.unt.edu.ar\/wp-content\/uploads\/2025\/12\/9-Expositores-Carrizo-Diaz-Molina3-1-1024x791.png\" alt=\"9 Expositores Carrizo-Di\u0301az-Molina3\" \/><\/figure><\/div><div class=\"swiper-slide\" role=\"group\" aria-roledescription=\"slide\" aria-label=\"25 of 31\"><figure class=\"swiper-slide-inner\"><img decoding=\"async\" class=\"swiper-slide-image\" src=\"https:\/\/cedite.facet.unt.edu.ar\/wp-content\/uploads\/2025\/12\/10-Expositor-Marcos-0-1024x577.jpg\" alt=\"10 Expositor Marcos 0\" \/><\/figure><\/div><div class=\"swiper-slide\" role=\"group\" aria-roledescription=\"slide\" aria-label=\"26 of 31\"><figure class=\"swiper-slide-inner\"><img decoding=\"async\" class=\"swiper-slide-image\" src=\"https:\/\/cedite.facet.unt.edu.ar\/wp-content\/uploads\/2025\/12\/10-Expositor-Marcos-1-1024x667.png\" alt=\"10 Expositor Marcos 1\" \/><\/figure><\/div><div class=\"swiper-slide\" role=\"group\" aria-roledescription=\"slide\" aria-label=\"27 of 31\"><figure class=\"swiper-slide-inner\"><img decoding=\"async\" class=\"swiper-slide-image\" src=\"https:\/\/cedite.facet.unt.edu.ar\/wp-content\/uploads\/2025\/12\/10-Expositor-Marcos2-1024x981.png\" alt=\"10 Expositor Marcos2\" \/><\/figure><\/div><div class=\"swiper-slide\" role=\"group\" aria-roledescription=\"slide\" aria-label=\"28 of 31\"><figure class=\"swiper-slide-inner\"><img decoding=\"async\" class=\"swiper-slide-image\" src=\"https:\/\/cedite.facet.unt.edu.ar\/wp-content\/uploads\/2025\/12\/11-Expositor-Soria-F-1-1024x538.png\" alt=\"11 Expositor Soria F\" \/><\/figure><\/div><div class=\"swiper-slide\" role=\"group\" aria-roledescription=\"slide\" aria-label=\"29 of 31\"><figure class=\"swiper-slide-inner\"><img decoding=\"async\" class=\"swiper-slide-image\" src=\"https:\/\/cedite.facet.unt.edu.ar\/wp-content\/uploads\/2025\/12\/12-Expositor-Bravo-0-1024x577.jpg\" alt=\"12 Expositor Bravo 0\" \/><\/figure><\/div><div class=\"swiper-slide\" role=\"group\" aria-roledescription=\"slide\" aria-label=\"30 of 31\"><figure class=\"swiper-slide-inner\"><img decoding=\"async\" class=\"swiper-slide-image\" src=\"https:\/\/cedite.facet.unt.edu.ar\/wp-content\/uploads\/2025\/12\/12-Expositor-Bravo-1-1024x577.jpg\" alt=\"12 Expositor Bravo 1\" \/><\/figure><\/div><div class=\"swiper-slide\" role=\"group\" aria-roledescription=\"slide\" aria-label=\"31 of 31\"><figure class=\"swiper-slide-inner\"><img decoding=\"async\" class=\"swiper-slide-image\" src=\"https:\/\/cedite.facet.unt.edu.ar\/wp-content\/uploads\/2025\/12\/12-Expositor-Bravo-1-1024x717.png\" alt=\"12 Expositor Bravo\" \/><\/figure><\/div>\t\t\t<\/div>\n\t\t\t\t\t\t\t\t\t\t\t\t<div class=\"elementor-swiper-button elementor-swiper-button-prev\" role=\"button\" tabindex=\"0\">\n\t\t\t\t\t\t<i aria-hidden=\"true\" class=\"eicon-chevron-left\"><\/i>\t\t\t\t\t<\/div>\n\t\t\t\t\t<div class=\"elementor-swiper-button elementor-swiper-button-next\" role=\"button\" tabindex=\"0\">\n\t\t\t\t\t\t<i aria-hidden=\"true\" class=\"eicon-chevron-right\"><\/i>\t\t\t\t\t<\/div>\n\t\t\t\t\n\t\t\t\t\t\t\t\t\t<div class=\"swiper-pagination\"><\/div>\n\t\t\t\t\t\t\t\t\t<\/div>\n\t\t\t\t\t\t<\/div>\n\t\t\t\t<\/div>\n\t\t\t\t\t<\/div>\n\t\t<\/div>\n\t\t\t\t\t<\/div>\n\t\t<\/section>\n\t\t\t\t<section class=\"elementor-section elementor-top-section elementor-element elementor-element-05b1d72 elementor-section-boxed elementor-section-height-default elementor-section-height-default\" data-id=\"05b1d72\" data-element_type=\"section\" data-e-type=\"section\">\n\t\t\t\t\t\t<div class=\"elementor-container elementor-column-gap-default\">\n\t\t\t\t\t<div class=\"elementor-column elementor-col-100 elementor-top-column elementor-element elementor-element-65e3d17\" data-id=\"65e3d17\" data-element_type=\"column\" data-e-type=\"column\">\n\t\t\t<div class=\"elementor-widget-wrap elementor-element-populated\">\n\t\t\t\t\t\t<div class=\"elementor-element elementor-element-af4dae1 elementor-widget elementor-widget-text-editor\" data-id=\"af4dae1\" data-element_type=\"widget\" data-e-type=\"widget\" data-widget_type=\"text-editor.default\">\n\t\t\t\t<div class=\"elementor-widget-container\">\n\t\t\t\t\t\t\t\t\t<p style=\"text-align: center;\"><a href=\"https:\/\/cedite.facet.unt.edu.ar\/?page_id=1806\" class=\"su-button su-button-style-default\" style=\"color:#FFFFFF;background-color:#2D89EF;border-color:#246ec0;border-radius:12px\" target=\"_self\"><span style=\"color:#FFFFFF;padding:0px 30px;font-size:22px;line-height:44px;border-color:#6cadf4;border-radius:12px;text-shadow:none\"> Regresar<\/span><\/a><\/p>\t\t\t\t\t\t\t\t<\/div>\n\t\t\t\t<\/div>\n\t\t\t\t\t<\/div>\n\t\t<\/div>\n\t\t\t\t\t<\/div>\n\t\t<\/section>\n\t\t\t\t<\/div>\n\t\t","protected":false},"excerpt":{"rendered":"<p>El Centro de Educaci\u00f3n a Distancia e Investigaci\u00f3n en Tecnolog\u00eda Educativa (CEDITE) \u2013 FACET &#8211; UNT, en el marco de su 15\u00b0 aniversario, organiz\u00f3 las IV Jornadas de Intercambio de Experiencias Educativas 2025. Las IV JIEE tuvieron lugar el 30 de Octubre Anfiteatro Dra. Elisa M. Colombo. A lo largo del evento, los participantes intercambiaron [&hellip;]<\/p>\n","protected":false},"author":1,"featured_media":0,"parent":0,"menu_order":0,"comment_status":"closed","ping_status":"closed","template":"","meta":{"_vp_format_video_url":"","_vp_image_focal_point":[],"footnotes":""},"class_list":["post-2327","page","type-page","status-publish","hentry"],"_links":{"self":[{"href":"https:\/\/cedite.facet.unt.edu.ar\/index.php?rest_route=\/wp\/v2\/pages\/2327","targetHints":{"allow":["GET"]}}],"collection":[{"href":"https:\/\/cedite.facet.unt.edu.ar\/index.php?rest_route=\/wp\/v2\/pages"}],"about":[{"href":"https:\/\/cedite.facet.unt.edu.ar\/index.php?rest_route=\/wp\/v2\/types\/page"}],"author":[{"embeddable":true,"href":"https:\/\/cedite.facet.unt.edu.ar\/index.php?rest_route=\/wp\/v2\/users\/1"}],"replies":[{"embeddable":true,"href":"https:\/\/cedite.facet.unt.edu.ar\/index.php?rest_route=%2Fwp%2Fv2%2Fcomments&post=2327"}],"version-history":[{"count":13,"href":"https:\/\/cedite.facet.unt.edu.ar\/index.php?rest_route=\/wp\/v2\/pages\/2327\/revisions"}],"predecessor-version":[{"id":2457,"href":"https:\/\/cedite.facet.unt.edu.ar\/index.php?rest_route=\/wp\/v2\/pages\/2327\/revisions\/2457"}],"wp:attachment":[{"href":"https:\/\/cedite.facet.unt.edu.ar\/index.php?rest_route=%2Fwp%2Fv2%2Fmedia&parent=2327"}],"curies":[{"name":"wp","href":"https:\/\/api.w.org\/{rel}","templated":true}]}}