{"id":2246,"date":"2025-12-01T10:23:09","date_gmt":"2025-12-01T13:23:09","guid":{"rendered":"https:\/\/cedite.facet.unt.edu.ar\/?page_id=2246"},"modified":"2025-12-02T09:04:47","modified_gmt":"2025-12-02T12:04:47","slug":"conferencia-inaugural","status":"publish","type":"page","link":"https:\/\/cedite.facet.unt.edu.ar\/?page_id=2246","title":{"rendered":"Conferencia Inaugural"},"content":{"rendered":"\t\t<div data-elementor-type=\"wp-page\" data-elementor-id=\"2246\" class=\"elementor elementor-2246\">\n\t\t\t\t\t\t<section class=\"elementor-section elementor-top-section elementor-element elementor-element-50d2ef1 elementor-section-boxed elementor-section-height-default elementor-section-height-default\" data-id=\"50d2ef1\" data-element_type=\"section\" data-e-type=\"section\">\n\t\t\t\t\t\t<div class=\"elementor-container elementor-column-gap-default\">\n\t\t\t\t\t<div class=\"elementor-column elementor-col-100 elementor-top-column elementor-element elementor-element-6928453\" data-id=\"6928453\" data-element_type=\"column\" data-e-type=\"column\">\n\t\t\t<div class=\"elementor-widget-wrap elementor-element-populated\">\n\t\t\t\t\t\t<div class=\"elementor-element elementor-element-85a9c92 elementor-widget elementor-widget-text-editor\" data-id=\"85a9c92\" data-element_type=\"widget\" data-e-type=\"widget\" data-widget_type=\"text-editor.default\">\n\t\t\t\t<div class=\"elementor-widget-container\">\n\t\t\t\t\t\t\t\t\t<p>En el marco del 15\u00b0 aniversario del Centro de Educaci\u00f3n a Distancia e Investigaci\u00f3n en Tecnolog\u00eda Educativa (CEDITE) de la FACET\u2013UNT, se llevaron a cabo las IV Jornadas de Intercambio de Experiencias Educativas (JIEE) 2025.<\/p><p>El encuentro tuvo lugar el 30 de octubre en el Anfiteatro \u201cDra. Elisa M. Colombo\u201d, donde docentes, investigadores y estudiantes compartieron pr\u00e1cticas innovadoras vinculadas a la incorporaci\u00f3n de tecnolog\u00edas en la ense\u00f1anza.<\/p><p>La jornada inici\u00f3 con la Conferencia Inaugural a cargo de la Dra. Alejandra Zangara, Directora de Educaci\u00f3n a Distancia de la Facultad de Inform\u00e1tica de la Universidad Nacional de La Plata, titulada:<br \/>\u201cEducaci\u00f3n a Distancia hoy: aprendizajes de la pandemia y desaf\u00edos tecnol\u00f3gicos emergentes\u201d.<br \/>Su exposici\u00f3n abri\u00f3 un valioso espacio de reflexi\u00f3n sobre los cambios que atraviesa la docencia universitaria en el actual escenario socio-tecnol\u00f3gico, impulsando debates sobre innovaci\u00f3n, nuevas metodolog\u00edas y el papel de la inteligencia artificial en la educaci\u00f3n.<\/p><p>Enlace de la grabaci\u00f3n del evento: <strong><a href=\"https:\/\/www.youtube.com\/live\/WxhoUIU44Zk?si=kGw2AQJm_WzOObCG&amp;t=1\" target=\"_blank\" rel=\"noopener\">VER<\/a><\/strong><\/p><h2 style=\"text-align: center;\">\u23ec\u23ec\u23ec<\/h2>\t\t\t\t\t\t\t\t<\/div>\n\t\t\t\t<\/div>\n\t\t\t\t\t<\/div>\n\t\t<\/div>\n\t\t\t\t\t<\/div>\n\t\t<\/section>\n\t\t\t\t<section class=\"elementor-section elementor-top-section elementor-element elementor-element-784ea31 elementor-section-boxed elementor-section-height-default elementor-section-height-default\" data-id=\"784ea31\" data-element_type=\"section\" data-e-type=\"section\">\n\t\t\t\t\t\t<div class=\"elementor-container elementor-column-gap-default\">\n\t\t\t\t\t<div class=\"elementor-column elementor-col-100 elementor-top-column elementor-element elementor-element-b06bbbc\" data-id=\"b06bbbc\" data-element_type=\"column\" data-e-type=\"column\">\n\t\t\t<div class=\"elementor-widget-wrap elementor-element-populated\">\n\t\t\t\t\t\t<div class=\"elementor-element elementor-element-d91710f elementor-arrows-position-inside elementor-pagination-position-outside elementor-widget elementor-widget-image-carousel\" data-id=\"d91710f\" data-element_type=\"widget\" data-e-type=\"widget\" data-settings=\"{&quot;slides_to_show&quot;:&quot;1&quot;,&quot;navigation&quot;:&quot;both&quot;,&quot;autoplay&quot;:&quot;yes&quot;,&quot;pause_on_hover&quot;:&quot;yes&quot;,&quot;pause_on_interaction&quot;:&quot;yes&quot;,&quot;autoplay_speed&quot;:5000,&quot;infinite&quot;:&quot;yes&quot;,&quot;effect&quot;:&quot;slide&quot;,&quot;speed&quot;:500}\" data-widget_type=\"image-carousel.default\">\n\t\t\t\t<div class=\"elementor-widget-container\">\n\t\t\t\t\t\t\t<div class=\"elementor-image-carousel-wrapper swiper\" role=\"region\" aria-roledescription=\"carousel\" aria-label=\"Carrusel de im\u00e1genes\" dir=\"ltr\">\n\t\t\t<div class=\"elementor-image-carousel swiper-wrapper\" aria-live=\"off\">\n\t\t\t\t\t\t\t\t<div class=\"swiper-slide\" role=\"group\" aria-roledescription=\"slide\" aria-label=\"1 of 5\"><figure class=\"swiper-slide-inner\"><img decoding=\"async\" class=\"swiper-slide-image\" src=\"https:\/\/cedite.facet.unt.edu.ar\/wp-content\/uploads\/2025\/12\/Conferencia-Zangara-1-768x467.png\" alt=\"Conferencia Zangara 1\" \/><\/figure><\/div><div class=\"swiper-slide\" role=\"group\" aria-roledescription=\"slide\" aria-label=\"2 of 5\"><figure class=\"swiper-slide-inner\"><img decoding=\"async\" class=\"swiper-slide-image\" src=\"https:\/\/cedite.facet.unt.edu.ar\/wp-content\/uploads\/2025\/12\/Conferencia-Zangara-2-768x499.png\" alt=\"Conferencia Zangara 2\" \/><\/figure><\/div><div class=\"swiper-slide\" role=\"group\" aria-roledescription=\"slide\" aria-label=\"3 of 5\"><figure class=\"swiper-slide-inner\"><img decoding=\"async\" class=\"swiper-slide-image\" src=\"https:\/\/cedite.facet.unt.edu.ar\/wp-content\/uploads\/2025\/12\/Conferencia-Zangara-3-1-768x584.png\" alt=\"Conferencia Zangara 3\" \/><\/figure><\/div><div class=\"swiper-slide\" role=\"group\" aria-roledescription=\"slide\" aria-label=\"4 of 5\"><figure class=\"swiper-slide-inner\"><img decoding=\"async\" class=\"swiper-slide-image\" src=\"https:\/\/cedite.facet.unt.edu.ar\/wp-content\/uploads\/2025\/12\/Conferencia-Zangara-Lia-768x421.png\" alt=\"Conferencia Zangara-Li\u0301a\" \/><\/figure><\/div><div class=\"swiper-slide\" role=\"group\" aria-roledescription=\"slide\" aria-label=\"5 of 5\"><figure class=\"swiper-slide-inner\"><img decoding=\"async\" class=\"swiper-slide-image\" src=\"https:\/\/cedite.facet.unt.edu.ar\/wp-content\/uploads\/2025\/12\/Conferencia-Zangara-Todos-768x432.jpg\" alt=\"Conferencia Zangara-Todos\" \/><\/figure><\/div>\t\t\t<\/div>\n\t\t\t\t\t\t\t\t\t\t\t\t<div class=\"elementor-swiper-button elementor-swiper-button-prev\" role=\"button\" tabindex=\"0\">\n\t\t\t\t\t\t<i aria-hidden=\"true\" class=\"eicon-chevron-left\"><\/i>\t\t\t\t\t<\/div>\n\t\t\t\t\t<div class=\"elementor-swiper-button elementor-swiper-button-next\" role=\"button\" tabindex=\"0\">\n\t\t\t\t\t\t<i aria-hidden=\"true\" class=\"eicon-chevron-right\"><\/i>\t\t\t\t\t<\/div>\n\t\t\t\t\n\t\t\t\t\t\t\t\t\t<div class=\"swiper-pagination\"><\/div>\n\t\t\t\t\t\t\t\t\t<\/div>\n\t\t\t\t\t\t<\/div>\n\t\t\t\t<\/div>\n\t\t\t\t\t<\/div>\n\t\t<\/div>\n\t\t\t\t\t<\/div>\n\t\t<\/section>\n\t\t\t\t<section class=\"elementor-section elementor-top-section elementor-element elementor-element-0bbd9a7 elementor-section-boxed elementor-section-height-default elementor-section-height-default\" data-id=\"0bbd9a7\" data-element_type=\"section\" data-e-type=\"section\">\n\t\t\t\t\t\t<div class=\"elementor-container elementor-column-gap-default\">\n\t\t\t\t\t<div class=\"elementor-column elementor-col-100 elementor-top-column elementor-element elementor-element-ef085d6\" data-id=\"ef085d6\" data-element_type=\"column\" data-e-type=\"column\">\n\t\t\t<div class=\"elementor-widget-wrap elementor-element-populated\">\n\t\t\t\t\t\t<div class=\"elementor-element elementor-element-e13e052 elementor-widget elementor-widget-text-editor\" data-id=\"e13e052\" data-element_type=\"widget\" data-e-type=\"widget\" data-widget_type=\"text-editor.default\">\n\t\t\t\t<div class=\"elementor-widget-container\">\n\t\t\t\t\t\t\t\t\t<p style=\"text-align: center;\"><a href=\"https:\/\/cedite.facet.unt.edu.ar\/?page_id=1806\" class=\"su-button su-button-style-default\" style=\"color:#FFFFFF;background-color:#2D89EF;border-color:#246ec0;border-radius:12px\" target=\"_self\"><span style=\"color:#FFFFFF;padding:0px 30px;font-size:22px;line-height:44px;border-color:#6cadf4;border-radius:12px;text-shadow:none\"> Regresar<\/span><\/a><\/p>\t\t\t\t\t\t\t\t<\/div>\n\t\t\t\t<\/div>\n\t\t\t\t\t<\/div>\n\t\t<\/div>\n\t\t\t\t\t<\/div>\n\t\t<\/section>\n\t\t\t\t<\/div>\n\t\t","protected":false},"excerpt":{"rendered":"<p>En el marco del 15\u00b0 aniversario del Centro de Educaci\u00f3n a Distancia e Investigaci\u00f3n en Tecnolog\u00eda Educativa (CEDITE) de la FACET\u2013UNT, se llevaron a cabo las IV Jornadas de Intercambio de Experiencias Educativas (JIEE) 2025. El encuentro tuvo lugar el 30 de octubre en el Anfiteatro \u201cDra. Elisa M. Colombo\u201d, donde docentes, investigadores y estudiantes [&hellip;]<\/p>\n","protected":false},"author":1,"featured_media":0,"parent":0,"menu_order":0,"comment_status":"closed","ping_status":"closed","template":"","meta":{"_vp_format_video_url":"","_vp_image_focal_point":[],"footnotes":""},"class_list":["post-2246","page","type-page","status-publish","hentry"],"_links":{"self":[{"href":"https:\/\/cedite.facet.unt.edu.ar\/index.php?rest_route=\/wp\/v2\/pages\/2246","targetHints":{"allow":["GET"]}}],"collection":[{"href":"https:\/\/cedite.facet.unt.edu.ar\/index.php?rest_route=\/wp\/v2\/pages"}],"about":[{"href":"https:\/\/cedite.facet.unt.edu.ar\/index.php?rest_route=\/wp\/v2\/types\/page"}],"author":[{"embeddable":true,"href":"https:\/\/cedite.facet.unt.edu.ar\/index.php?rest_route=\/wp\/v2\/users\/1"}],"replies":[{"embeddable":true,"href":"https:\/\/cedite.facet.unt.edu.ar\/index.php?rest_route=%2Fwp%2Fv2%2Fcomments&post=2246"}],"version-history":[{"count":43,"href":"https:\/\/cedite.facet.unt.edu.ar\/index.php?rest_route=\/wp\/v2\/pages\/2246\/revisions"}],"predecessor-version":[{"id":2682,"href":"https:\/\/cedite.facet.unt.edu.ar\/index.php?rest_route=\/wp\/v2\/pages\/2246\/revisions\/2682"}],"wp:attachment":[{"href":"https:\/\/cedite.facet.unt.edu.ar\/index.php?rest_route=%2Fwp%2Fv2%2Fmedia&parent=2246"}],"curies":[{"name":"wp","href":"https:\/\/api.w.org\/{rel}","templated":true}]}}