{"id":1806,"date":"2025-04-02T00:33:44","date_gmt":"2025-04-02T03:33:44","guid":{"rendered":"https:\/\/cedite.facet.unt.edu.ar\/?page_id=1806"},"modified":"2026-03-26T00:16:14","modified_gmt":"2026-03-26T03:16:14","slug":"15-anos","status":"publish","type":"page","link":"https:\/\/cedite.facet.unt.edu.ar\/?page_id=1806","title":{"rendered":"15 A\u00f1os"},"content":{"rendered":"\t\t<div data-elementor-type=\"wp-page\" data-elementor-id=\"1806\" class=\"elementor elementor-1806\">\n\t\t\t\t\t\t<section class=\"elementor-section elementor-top-section elementor-element elementor-element-9c0dfe4 elementor-section-boxed elementor-section-height-default elementor-section-height-default\" data-id=\"9c0dfe4\" data-element_type=\"section\" data-e-type=\"section\">\n\t\t\t\t\t\t<div class=\"elementor-container elementor-column-gap-default\">\n\t\t\t\t\t<div class=\"elementor-column elementor-col-100 elementor-top-column elementor-element elementor-element-7856eec\" data-id=\"7856eec\" data-element_type=\"column\" data-e-type=\"column\">\n\t\t\t<div class=\"elementor-widget-wrap elementor-element-populated\">\n\t\t\t\t\t\t<div class=\"elementor-element elementor-element-6a8665a elementor-tabs-view-horizontal elementor-widget elementor-widget-tabs\" data-id=\"6a8665a\" data-element_type=\"widget\" data-e-type=\"widget\" data-widget_type=\"tabs.default\">\n\t\t\t\t<div class=\"elementor-widget-container\">\n\t\t\t\t\t\t\t<div class=\"elementor-tabs\">\n\t\t\t<div class=\"elementor-tabs-wrapper\" role=\"tablist\" >\n\t\t\t\t\t\t\t\t\t<div id=\"elementor-tab-title-1111\" class=\"elementor-tab-title elementor-tab-desktop-title\" aria-selected=\"true\" data-tab=\"1\" role=\"tab\" tabindex=\"0\" aria-controls=\"elementor-tab-content-1111\" aria-expanded=\"false\">Aniversario<\/div>\n\t\t\t\t\t\t\t\t\t<div id=\"elementor-tab-title-1112\" class=\"elementor-tab-title elementor-tab-desktop-title\" aria-selected=\"false\" data-tab=\"2\" role=\"tab\" tabindex=\"-1\" aria-controls=\"elementor-tab-content-1112\" aria-expanded=\"false\">Jornadas<\/div>\n\t\t\t\t\t\t\t\t\t<div id=\"elementor-tab-title-1113\" class=\"elementor-tab-title elementor-tab-desktop-title\" aria-selected=\"false\" data-tab=\"3\" role=\"tab\" tabindex=\"-1\" aria-controls=\"elementor-tab-content-1113\" aria-expanded=\"false\">Ciclo de Webinarios<\/div>\n\t\t\t\t\t\t\t<\/div>\n\t\t\t<div class=\"elementor-tabs-content-wrapper\" role=\"tablist\" aria-orientation=\"vertical\">\n\t\t\t\t\t\t\t\t\t<div class=\"elementor-tab-title elementor-tab-mobile-title\" aria-selected=\"true\" data-tab=\"1\" role=\"tab\" tabindex=\"0\" aria-controls=\"elementor-tab-content-1111\" aria-expanded=\"false\">Aniversario<\/div>\n\t\t\t\t\t<div id=\"elementor-tab-content-1111\" class=\"elementor-tab-content elementor-clearfix\" data-tab=\"1\" role=\"tabpanel\" aria-labelledby=\"elementor-tab-title-1111\" tabindex=\"0\" hidden=\"false\"><p><img decoding=\"async\" class=\"wp-image-1834 size-thumbnail alignright\" src=\"https:\/\/cedite.facet.unt.edu.ar\/wp-content\/uploads\/2025\/04\/CEDITE-15-150x150.png\" alt=\"\" width=\"150\" height=\"150\" \/><\/p><p>El <strong>Centro de Educaci\u00f3n a Distancia<\/strong><strong>\u00a0e<\/strong><strong>\u00a0Investigaci\u00f3n en Tecnolog\u00edas<\/strong><strong>\u00a0Educativas<\/strong> (CEDITE) celebra sus 15 a\u00f1os de Trayectoria ininterrumpida.<\/p><p>En el marco de los festejos, se han planificado eventos durante todo el 2025, que culminar\u00e1n con un Acto formal el d\u00eda 31 de Octubre.<\/p><p>Invitamos a toda la comunidad universitaria a acompa\u00f1arnos en cada uno de estos eventos, declarados de inter\u00e9s acad\u00e9mico <strong>(<em>Res. FACET &#8211; DGAD &#8211; 15903 \/ 2024<\/em>)<\/strong><\/p><ul><li><strong>Jornadas de Intercambio de Experiencias Educativas<\/strong> a realizarse en el mes de octubre, con convocatoria ya abierta a la presentaci\u00f3n de trabajos de relatos de experiencias en la implementaci\u00f3n de tecnolog\u00eda educativa y\/o aulas virtuales. (<a href=\"https:\/\/cedite.facet.unt.edu.ar\/?page_id=1801\" target=\"_blank\" rel=\"noopener\"><strong>ver convocatoria<\/strong><\/a>)<\/li><li><strong>Ciclo de Webinarios<\/strong>\u00a0con referentes nacionales e internacionales, aportando sus conocimientos y experiencias en tem\u00e1ticas de suma actualidad. (<strong><a href=\"https:\/\/cedite.facet.unt.edu.ar\/?page_id=1871\" target=\"_blank\" rel=\"noopener\">ver cronograma<\/a><\/strong>)<\/li><\/ul><h2 style=\"text-align: center;\">Acto Aniversario <img decoding=\"async\" class=\"emoji\" role=\"img\" draggable=\"false\" src=\"https:\/\/s.w.org\/images\/core\/emoji\/17.0.2\/svg\/23e9.svg\" alt=\"\u23e9\" \/><img decoding=\"async\" class=\"emoji\" role=\"img\" draggable=\"false\" src=\"https:\/\/s.w.org\/images\/core\/emoji\/17.0.2\/svg\/23e9.svg\" alt=\"\u23e9\" \/><img decoding=\"async\" class=\"emoji\" role=\"img\" draggable=\"false\" src=\"https:\/\/s.w.org\/images\/core\/emoji\/17.0.2\/svg\/23e9.svg\" alt=\"\u23e9\" \/> <span style=\"color: #3366ff;\"><a style=\"color: #3366ff;\" href=\"https:\/\/cedite.facet.unt.edu.ar\/?page_id=2386\">VER<\/a>\u00a0<\/span><\/h2><\/div>\n\t\t\t\t\t\t\t\t\t<div class=\"elementor-tab-title elementor-tab-mobile-title\" aria-selected=\"false\" data-tab=\"2\" role=\"tab\" tabindex=\"-1\" aria-controls=\"elementor-tab-content-1112\" aria-expanded=\"false\">Jornadas<\/div>\n\t\t\t\t\t<div id=\"elementor-tab-content-1112\" class=\"elementor-tab-content elementor-clearfix\" data-tab=\"2\" role=\"tabpanel\" aria-labelledby=\"elementor-tab-title-1112\" tabindex=\"0\" hidden=\"hidden\"><p>\u00a0<\/p><p><img fetchpriority=\"high\" decoding=\"async\" class=\"wp-image-1960 size-full aligncenter\" src=\"https:\/\/cedite.facet.unt.edu.ar\/wp-content\/uploads\/2025\/04\/bannerjornadadefinitivo.png\" alt=\"\" width=\"792\" height=\"183\" srcset=\"https:\/\/cedite.facet.unt.edu.ar\/wp-content\/uploads\/2025\/04\/bannerjornadadefinitivo.png 792w, https:\/\/cedite.facet.unt.edu.ar\/wp-content\/uploads\/2025\/04\/bannerjornadadefinitivo-300x69.png 300w, https:\/\/cedite.facet.unt.edu.ar\/wp-content\/uploads\/2025\/04\/bannerjornadadefinitivo-768x177.png 768w, https:\/\/cedite.facet.unt.edu.ar\/wp-content\/uploads\/2025\/04\/bannerjornadadefinitivo-500x116.png 500w\" sizes=\"(max-width: 792px) 100vw, 792px\" \/><\/p><h2 style=\"text-align: center;\">\u2728 <strong>\u00a1Se realizaron las Jornadas de Intercambio de Experiencias Educativas!<\/strong> \u2728<\/h2><p>Desde 2012, el CEDITE ha impulsado espacios de encuentro para docentes innovadores, generando valiosas oportunidades para compartir experiencias, desaf\u00edos y logros en la integraci\u00f3n de tecnolog\u00edas en la ense\u00f1anza.<\/p><p>\ud83d\udccc En el marco del <strong>15\u00b0 aniversario del CEDITE<\/strong>, el 30 de octubre nos encontramos en las <strong>IV Jornadas de Intercambio de Experiencias Educativas<\/strong>: \ud83c\udfaf <strong>&#8220;De la pr\u00e1ctica educativa al aula virtual: el CEDITE como puente&#8221;. <\/strong>Un espacio de di\u00e1logo y construcci\u00f3n colectiva sobre los desaf\u00edos y oportunidades de la educaci\u00f3n a distancia.<\/p><p>\ud83d\udca1 Los trabajos se presentaron seg\u00fan los siguientes ejes:<br \/>\u2705 Educar en tiempos de crisis: Reflexiones y aprendizajes de la pandemia.<br \/>\u2705 Tecnolog\u00edas digitales en la educaci\u00f3n: Herramientas, experiencias y desaf\u00edos.<br \/>\u2705 Inteligencia Artificial y Educaci\u00f3n: Innovaci\u00f3n y desaf\u00edos.<\/p><p style=\"text-align: left;\">Conferencia Inaugural\u00a0 \u00a0 \u00a0 <img decoding=\"async\" class=\"emoji\" role=\"img\" draggable=\"false\" src=\"https:\/\/s.w.org\/images\/core\/emoji\/17.0.2\/svg\/23e9.svg\" alt=\"\u23e9\" \/><img decoding=\"async\" class=\"emoji\" role=\"img\" draggable=\"false\" src=\"https:\/\/s.w.org\/images\/core\/emoji\/17.0.2\/svg\/23e9.svg\" alt=\"\u23e9\" \/><img decoding=\"async\" class=\"emoji\" role=\"img\" draggable=\"false\" src=\"https:\/\/s.w.org\/images\/core\/emoji\/17.0.2\/svg\/23e9.svg\" alt=\"\u23e9\" \/> <a style=\"color: #3366ff; text-decoration: underline;\" href=\"https:\/\/cedite.facet.unt.edu.ar\/?page_id=2246\">VER<\/a><\/p><p style=\"text-align: left;\">Registro de las Jornadas <img decoding=\"async\" class=\"emoji\" role=\"img\" draggable=\"false\" src=\"https:\/\/s.w.org\/images\/core\/emoji\/17.0.2\/svg\/23e9.svg\" alt=\"\u23e9\" \/><img decoding=\"async\" class=\"emoji\" role=\"img\" draggable=\"false\" src=\"https:\/\/s.w.org\/images\/core\/emoji\/17.0.2\/svg\/23e9.svg\" alt=\"\u23e9\" \/><img decoding=\"async\" class=\"emoji\" role=\"img\" draggable=\"false\" src=\"https:\/\/s.w.org\/images\/core\/emoji\/17.0.2\/svg\/23e9.svg\" alt=\"\u23e9\" \/> <a style=\"color: #3366ff; text-decoration: underline;\" href=\"https:\/\/cedite.facet.unt.edu.ar\/?page_id=2327\">VER<\/a><\/p><p style=\"text-align: left;\">Libro de Actas\u00a0 \u00a0 \u00a0 \u00a0 \u00a0 \u00a0 \u00a0 \u00a0 \u00a0 \u00a0 <img decoding=\"async\" class=\"emoji\" role=\"img\" draggable=\"false\" src=\"https:\/\/s.w.org\/images\/core\/emoji\/17.0.2\/svg\/23e9.svg\" alt=\"\u23e9\" \/><img decoding=\"async\" class=\"emoji\" role=\"img\" draggable=\"false\" src=\"https:\/\/s.w.org\/images\/core\/emoji\/17.0.2\/svg\/23e9.svg\" alt=\"\u23e9\" \/><img decoding=\"async\" class=\"emoji\" role=\"img\" draggable=\"false\" src=\"https:\/\/s.w.org\/images\/core\/emoji\/17.0.2\/svg\/23e9.svg\" alt=\"\u23e9\" \/> <a style=\"color: #3366ff; text-decoration: underline;\" href=\"https:\/\/drive.google.com\/file\/d\/1sGkPVzY2RkHmw6hTBXreJtPCUqMaXxVH\/view?usp=sharing\" target=\"_blank\" rel=\"noopener\">VER<\/a><\/p><p style=\"text-align: left;\">M\u00e1s Informaci\u00f3n\u00a0 \u00a0 \u00a0 \u00a0 \u00a0 \u00a0 \u00a0 \u00a0<img decoding=\"async\" class=\"emoji\" role=\"img\" draggable=\"false\" src=\"https:\/\/s.w.org\/images\/core\/emoji\/17.0.2\/svg\/23e9.svg\" alt=\"\u23e9\" \/><img decoding=\"async\" class=\"emoji\" role=\"img\" draggable=\"false\" src=\"https:\/\/s.w.org\/images\/core\/emoji\/17.0.2\/svg\/23e9.svg\" alt=\"\u23e9\" \/><img decoding=\"async\" class=\"emoji\" role=\"img\" draggable=\"false\" src=\"https:\/\/s.w.org\/images\/core\/emoji\/17.0.2\/svg\/23e9.svg\" alt=\"\u23e9\" \/> <a style=\"color: #3366ff; text-decoration: underline;\" href=\"https:\/\/cedite.facet.unt.edu.ar\/?page_id=1801\">VER<\/a><\/p><\/div>\n\t\t\t\t\t\t\t\t\t<div class=\"elementor-tab-title elementor-tab-mobile-title\" aria-selected=\"false\" data-tab=\"3\" role=\"tab\" tabindex=\"-1\" aria-controls=\"elementor-tab-content-1113\" aria-expanded=\"false\">Ciclo de Webinarios<\/div>\n\t\t\t\t\t<div id=\"elementor-tab-content-1113\" class=\"elementor-tab-content elementor-clearfix\" data-tab=\"3\" role=\"tabpanel\" aria-labelledby=\"elementor-tab-title-1113\" tabindex=\"0\" hidden=\"hidden\"><h2 style=\"text-align: center;\">Ciclo de Webinarios &#8211; Educaci\u00f3n en evoluci\u00f3n: Tecnolog\u00edas que transforman el aprendizaje<\/h2><p>\u00a0<\/p><p>\n<div class=\"vp-portfolio vp-uid-e04edc88 vp-id-1861 \"\n\tdata-vp-layout=\"tiles\" data-vp-content-source=\"images\" data-vp-items-style=\"fade\" data-vp-items-click-action=\"url\" data-vp-items-gap=\"15\" data-vp-items-gap-vertical=\"\" data-vp-pagination=\"load-more\" data-vp-next-page-url=\"\" data-vp-tiles-type=\"2|1,1|\" >\n\t<div class=\"vp-portfolio__preloader-wrap\">\n\t\t<div class=\"vp-portfolio__preloader\">\n\t\t\t<img decoding=\"async\" loading=\"eager\" src=\"https:\/\/cedite.facet.unt.edu.ar\/wp-content\/plugins\/visual-portfolio\/assets\/images\/logo-dark.svg\" alt=\"Visual Portfolio, Posts &amp; Image Gallery for WordPress\" width=\"20\" height=\"20\" data-skip-lazy>\n\t\t<\/div>\n\t<\/div>\n\t\t<div class=\"vp-portfolio__items-wrap\">\n\t\t\t\n<div class=\"vp-portfolio__items vp-portfolio__items-style-fade vp-portfolio__items-show-overlay-hover\">\n\n\t\t<div\t\tclass=\"vp-portfolio__item-wrap vp-portfolio__item-uid-15888ce1\" data-vp-filter=\"\" \t\t>\n\t\t\t\t\t\t\t\t\t<figure class=\"vp-portfolio__item\">\n\t\t\t\t\n<div class=\"vp-portfolio__item-img-wrap\">\n\t<div class=\"vp-portfolio__item-img\">\n\t\t\t<a\n\t\thref=\"https:\/\/cedite.facet.unt.edu.ar\/wp-content\/uploads\/2025\/04\/design-19.png\"\n\t\ttarget=\"_blank\" rel=\"noopener noreferrer\" aria-label=\"Ciclo de Webinarios- Educaci\u00f3n en evoluci\u00f3n: Tecnolog\u00edas que transforman el aprendizaje\" \t>\n\t\n\t\t<noscript><img decoding=\"async\" width=\"1080\" height=\"1080\" data-skip-lazy src=\"https:\/\/cedite.facet.unt.edu.ar\/wp-content\/uploads\/2025\/04\/design-19.png\" class=\"wp-image-1862\" alt=\"\" srcset=\"https:\/\/cedite.facet.unt.edu.ar\/wp-content\/uploads\/2025\/04\/design-19.png 1080w, https:\/\/cedite.facet.unt.edu.ar\/wp-content\/uploads\/2025\/04\/design-19-300x300.png 300w, https:\/\/cedite.facet.unt.edu.ar\/wp-content\/uploads\/2025\/04\/design-19-1024x1024.png 1024w, https:\/\/cedite.facet.unt.edu.ar\/wp-content\/uploads\/2025\/04\/design-19-150x150.png 150w, https:\/\/cedite.facet.unt.edu.ar\/wp-content\/uploads\/2025\/04\/design-19-768x768.png 768w, https:\/\/cedite.facet.unt.edu.ar\/wp-content\/uploads\/2025\/04\/design-19-500x500.png 500w, https:\/\/cedite.facet.unt.edu.ar\/wp-content\/uploads\/2025\/04\/design-19-800x800.png 800w\" sizes=\"(max-width: 1080px) 100vw, 1080px\" \/><\/noscript><img decoding=\"async\" width=\"1080\" height=\"1080\" src=\"https:\/\/cedite.facet.unt.edu.ar\/wp-content\/uploads\/2025\/04\/design-19.png\" class=\"wp-image-1862 vp-lazyload\" alt srcset=\"data:image\/svg+xml;base64,PHN2ZyB3aWR0aD0iMTA4MCIgaGVpZ2h0PSIxMDgwIiB2aWV3Qm94PSIwIDAgMTA4MCAxMDgwIiBmaWxsPSJub25lIiB4bWxucz0iaHR0cDovL3d3dy53My5vcmcvMjAwMC9zdmciPjwvc3ZnPg==\" data-src=\"https:\/\/cedite.facet.unt.edu.ar\/wp-content\/uploads\/2025\/04\/design-19.png\" data-srcset=\"https:\/\/cedite.facet.unt.edu.ar\/wp-content\/uploads\/2025\/04\/design-19.png 1080w, https:\/\/cedite.facet.unt.edu.ar\/wp-content\/uploads\/2025\/04\/design-19-300x300.png 300w, https:\/\/cedite.facet.unt.edu.ar\/wp-content\/uploads\/2025\/04\/design-19-1024x1024.png 1024w, https:\/\/cedite.facet.unt.edu.ar\/wp-content\/uploads\/2025\/04\/design-19-150x150.png 150w, https:\/\/cedite.facet.unt.edu.ar\/wp-content\/uploads\/2025\/04\/design-19-768x768.png 768w, https:\/\/cedite.facet.unt.edu.ar\/wp-content\/uploads\/2025\/04\/design-19-500x500.png 500w, https:\/\/cedite.facet.unt.edu.ar\/wp-content\/uploads\/2025\/04\/design-19-800x800.png 800w\" data-sizes=\"auto\" loading=\"eager\">\n\t\t<\/a>\t<\/div>\n<\/div>\n\t<figcaption class=\"vp-portfolio__item-overlay vp-portfolio__item-overlay-text-align-center\">\n\t\t<div class=\"vp-portfolio__item-meta-wrap vp-portfolio__custom-scrollbar\">\n\t\t\t\t<a\n\t\thref=\"https:\/\/cedite.facet.unt.edu.ar\/wp-content\/uploads\/2025\/04\/design-19.png\"\n\t\ttarget=\"_blank\" rel=\"noopener noreferrer\" tabindex=\"-1\" class=\"vp-portfolio__item-meta\" aria-label=\"Ciclo de Webinarios- Educaci\u00f3n en evoluci\u00f3n: Tecnolog\u00edas que transforman el aprendizaje\" \t>\n\t\n<h2 class=\"vp-portfolio__item-meta-title\">\n\tCiclo de Webinarios- Educaci\u00f3n en evoluci\u00f3n: Tecnolog\u00edas que transforman el aprendizaje<\/h2>\n<\/a>\t\t<\/div>\n\t<\/figcaption>\n\t\t\t<\/figure>\n\t\t\t\t\t<\/div>\n\t\t\n\t\t<div\t\tclass=\"vp-portfolio__item-wrap vp-portfolio__item-uid-db56b9dd\" data-vp-filter=\"\" \t\t>\n\t\t\t\t\t\t\t\t\t<figure class=\"vp-portfolio__item\">\n\t\t\t\t\n<div class=\"vp-portfolio__item-img-wrap\">\n\t<div class=\"vp-portfolio__item-img\">\n\t\t\t<a\n\t\thref=\"https:\/\/cedite.facet.unt.edu.ar\/?page_id=1871\"\n\t\ttarget=\"_blank\" rel=\"noopener noreferrer\" aria-label=\"Cronograma de Webinarios\" \t>\n\t\n\t\t<noscript><img loading=\"lazy\" decoding=\"async\" width=\"1080\" height=\"1080\" data-skip-lazy src=\"https:\/\/cedite.facet.unt.edu.ar\/wp-content\/uploads\/2025\/04\/design-17.png\" class=\"wp-image-1829\" alt=\"\" srcset=\"https:\/\/cedite.facet.unt.edu.ar\/wp-content\/uploads\/2025\/04\/design-17.png 1080w, https:\/\/cedite.facet.unt.edu.ar\/wp-content\/uploads\/2025\/04\/design-17-300x300.png 300w, https:\/\/cedite.facet.unt.edu.ar\/wp-content\/uploads\/2025\/04\/design-17-1024x1024.png 1024w, https:\/\/cedite.facet.unt.edu.ar\/wp-content\/uploads\/2025\/04\/design-17-150x150.png 150w, https:\/\/cedite.facet.unt.edu.ar\/wp-content\/uploads\/2025\/04\/design-17-768x768.png 768w, https:\/\/cedite.facet.unt.edu.ar\/wp-content\/uploads\/2025\/04\/design-17-500x500.png 500w, https:\/\/cedite.facet.unt.edu.ar\/wp-content\/uploads\/2025\/04\/design-17-800x800.png 800w\" sizes=\"(max-width: 1080px) 100vw, 1080px\" \/><\/noscript><img decoding=\"async\" width=\"1080\" height=\"1080\" src=\"https:\/\/cedite.facet.unt.edu.ar\/wp-content\/uploads\/2025\/04\/design-17.png\" class=\"wp-image-1829 vp-lazyload\" alt srcset=\"data:image\/svg+xml;base64,PHN2ZyB3aWR0aD0iMTA4MCIgaGVpZ2h0PSIxMDgwIiB2aWV3Qm94PSIwIDAgMTA4MCAxMDgwIiBmaWxsPSJub25lIiB4bWxucz0iaHR0cDovL3d3dy53My5vcmcvMjAwMC9zdmciPjwvc3ZnPg==\" data-src=\"https:\/\/cedite.facet.unt.edu.ar\/wp-content\/uploads\/2025\/04\/design-17.png\" data-srcset=\"https:\/\/cedite.facet.unt.edu.ar\/wp-content\/uploads\/2025\/04\/design-17.png 1080w, https:\/\/cedite.facet.unt.edu.ar\/wp-content\/uploads\/2025\/04\/design-17-300x300.png 300w, https:\/\/cedite.facet.unt.edu.ar\/wp-content\/uploads\/2025\/04\/design-17-1024x1024.png 1024w, https:\/\/cedite.facet.unt.edu.ar\/wp-content\/uploads\/2025\/04\/design-17-150x150.png 150w, https:\/\/cedite.facet.unt.edu.ar\/wp-content\/uploads\/2025\/04\/design-17-768x768.png 768w, https:\/\/cedite.facet.unt.edu.ar\/wp-content\/uploads\/2025\/04\/design-17-500x500.png 500w, https:\/\/cedite.facet.unt.edu.ar\/wp-content\/uploads\/2025\/04\/design-17-800x800.png 800w\" data-sizes=\"auto\" loading=\"eager\">\n\t\t<\/a>\t<\/div>\n<\/div>\n\t<figcaption class=\"vp-portfolio__item-overlay vp-portfolio__item-overlay-text-align-center\">\n\t\t<div class=\"vp-portfolio__item-meta-wrap vp-portfolio__custom-scrollbar\">\n\t\t\t\t<a\n\t\thref=\"https:\/\/cedite.facet.unt.edu.ar\/?page_id=1871\"\n\t\ttarget=\"_blank\" rel=\"noopener noreferrer\" tabindex=\"-1\" class=\"vp-portfolio__item-meta\" aria-label=\"Cronograma de Webinarios\" \t>\n\t\n<h2 class=\"vp-portfolio__item-meta-title\">\n\tCronograma de Webinarios<\/h2>\n<\/a>\t\t<\/div>\n\t<\/figcaption>\n\t\t\t<\/figure>\n\t\t\t\t\t<\/div>\n\t\t\n<\/div>\n\t\t<\/div>\n\t\t\n<\/div>\n<\/p><p>\u00a0<\/p><\/div>\n\t\t\t\t\t\t\t<\/div>\n\t\t<\/div>\n\t\t\t\t\t\t<\/div>\n\t\t\t\t<\/div>\n\t\t\t\t\t<\/div>\n\t\t<\/div>\n\t\t\t\t\t<\/div>\n\t\t<\/section>\n\t\t\t\t<section class=\"elementor-section elementor-top-section elementor-element elementor-element-4bd7905 elementor-section-boxed elementor-section-height-default elementor-section-height-default\" data-id=\"4bd7905\" data-element_type=\"section\" data-e-type=\"section\">\n\t\t\t\t\t\t<div class=\"elementor-container elementor-column-gap-default\">\n\t\t\t\t\t<div class=\"elementor-column elementor-col-100 elementor-top-column elementor-element elementor-element-6213df9\" data-id=\"6213df9\" data-element_type=\"column\" data-e-type=\"column\">\n\t\t\t<div class=\"elementor-widget-wrap\">\n\t\t\t\t\t\t\t<\/div>\n\t\t<\/div>\n\t\t\t\t\t<\/div>\n\t\t<\/section>\n\t\t\t\t<\/div>\n\t\t","protected":false},"excerpt":{"rendered":"<p>Aniversario Jornadas Ciclo de Webinarios Aniversario El Centro de Educaci\u00f3n a Distancia\u00a0e\u00a0Investigaci\u00f3n en Tecnolog\u00edas\u00a0Educativas (CEDITE) celebra sus 15 a\u00f1os de Trayectoria ininterrumpida. En el marco de los festejos, se han planificado eventos durante todo el 2025, que culminar\u00e1n con un Acto formal el d\u00eda 31 de Octubre. Invitamos a toda la comunidad universitaria a acompa\u00f1arnos [&hellip;]<\/p>\n","protected":false},"author":1,"featured_media":0,"parent":0,"menu_order":0,"comment_status":"closed","ping_status":"closed","template":"","meta":{"_vp_format_video_url":"","_vp_image_focal_point":[],"footnotes":""},"class_list":["post-1806","page","type-page","status-publish","hentry"],"_links":{"self":[{"href":"https:\/\/cedite.facet.unt.edu.ar\/index.php?rest_route=\/wp\/v2\/pages\/1806","targetHints":{"allow":["GET"]}}],"collection":[{"href":"https:\/\/cedite.facet.unt.edu.ar\/index.php?rest_route=\/wp\/v2\/pages"}],"about":[{"href":"https:\/\/cedite.facet.unt.edu.ar\/index.php?rest_route=\/wp\/v2\/types\/page"}],"author":[{"embeddable":true,"href":"https:\/\/cedite.facet.unt.edu.ar\/index.php?rest_route=\/wp\/v2\/users\/1"}],"replies":[{"embeddable":true,"href":"https:\/\/cedite.facet.unt.edu.ar\/index.php?rest_route=%2Fwp%2Fv2%2Fcomments&post=1806"}],"version-history":[{"count":253,"href":"https:\/\/cedite.facet.unt.edu.ar\/index.php?rest_route=\/wp\/v2\/pages\/1806\/revisions"}],"predecessor-version":[{"id":2872,"href":"https:\/\/cedite.facet.unt.edu.ar\/index.php?rest_route=\/wp\/v2\/pages\/1806\/revisions\/2872"}],"wp:attachment":[{"href":"https:\/\/cedite.facet.unt.edu.ar\/index.php?rest_route=%2Fwp%2Fv2%2Fmedia&parent=1806"}],"curies":[{"name":"wp","href":"https:\/\/api.w.org\/{rel}","templated":true}]}}