{"id":1113,"date":"2023-08-14T00:26:14","date_gmt":"2023-08-14T03:26:14","guid":{"rendered":"https:\/\/cedite.facet.unt.edu.ar\/?page_id=1113"},"modified":"2023-08-18T10:00:03","modified_gmt":"2023-08-18T13:00:03","slug":"campus-virtuales","status":"publish","type":"page","link":"https:\/\/cedite.facet.unt.edu.ar\/?page_id=1113","title":{"rendered":"Campus Virtuales"},"content":{"rendered":"\t\t<div data-elementor-type=\"wp-page\" data-elementor-id=\"1113\" class=\"elementor elementor-1113\">\n\t\t\t\t\t\t<section class=\"elementor-section elementor-top-section elementor-element elementor-element-806bc01 elementor-section-boxed elementor-section-height-default elementor-section-height-default\" data-id=\"806bc01\" data-element_type=\"section\" data-e-type=\"section\">\n\t\t\t\t\t\t<div class=\"elementor-container elementor-column-gap-default\">\n\t\t\t\t\t<div class=\"elementor-column elementor-col-100 elementor-top-column elementor-element elementor-element-844fa95\" data-id=\"844fa95\" data-element_type=\"column\" data-e-type=\"column\">\n\t\t\t<div class=\"elementor-widget-wrap elementor-element-populated\">\n\t\t\t\t\t\t<div class=\"elementor-element elementor-element-57091b3 elementor-widget elementor-widget-text-editor\" data-id=\"57091b3\" data-element_type=\"widget\" data-e-type=\"widget\" data-widget_type=\"text-editor.default\">\n\t\t\t\t<div class=\"elementor-widget-container\">\n\t\t\t\t\t\t\t\t\t<p><strong>Campus Virtuales de la Universidad Nacional de Tucum\u00e1n:<\/strong><\/p><ul><li><em><strong>FACETVirtual.unt.edu.ar <\/strong><\/em>de la Facultad de Ciencias Exactas y Tecnolog\u00eda (<a href=\"http:\/\/facetvirtual.facet.unt.edu.ar\" target=\"_blank\" rel=\"noopener\">facetvirtual.facet.unt.edu.ar<\/a>)<\/li><\/ul><p>\u00a0 \u00a0 Desde Agosto de 2011.<\/p><ul><li><em><strong>PsicoVirtual.unt.edu.ar<\/strong><\/em> de la Facultad de Psicolog\u00eda (<a href=\"http:\/\/psicovirtual.unt.edu.ar\" target=\"_blank\" rel=\"noopener\">psicovirtual.unt.edu.ar<\/a>)<\/li><li><em><strong>Campus.filo.unt.edu.ar<\/strong><\/em> de la Facultad de Filosof\u00eda y Letras (<a href=\"http:\/\/campus.filo.unt.edu.ar\" target=\"_blank\" rel=\"noopener\">campus.filo.unt.edu.ar<\/a>)<\/li><\/ul><p><strong>Campus virtuales de Escuelas experimentales de la Universidad Nacional de Tucum\u00e1n:<\/strong><\/p><ul><li><em><strong>Instituto T\u00e9cnico<\/strong><\/em> (<a href=\"http:\/\/it.unt.edu.ar\/campus\/\" target=\"_blank\" rel=\"noopener\">it.unt.edu.ar<\/a>)<\/li><li><em><strong>Instituto T\u00e9cnico de Aguilares<\/strong><\/em> (<a href=\"http:\/\/itaguilares.unt.edu.ar\/campus\/\" target=\"_blank\" rel=\"noopener\">ITAguilares.unt.edu.ar<\/a>)<\/li><li><em><strong>Escuela T\u00e9cnica Vial Gral Manuel Belgrano<\/strong><\/em> (<a href=\"http:\/\/etv.unt.edu.ar\/campus\/\" target=\"_blank\" rel=\"noopener\">etv.unt.edu.ar<\/a>)<\/li><\/ul><p><strong>Instituciones de ense\u00f1anza de nivel medio:<\/strong><\/p><ul><li><em><strong>Colegio Salesiano Gral. Belgrano<\/strong><\/em> (<a href=\"http:\/\/salesianobelgrano.edu.ar\/campus\" target=\"_blank\" rel=\"noopener\">salesianobelgrano.edu.ar<\/a>)<\/li><\/ul><p>Tambi\u00e9n contamos con servicio de mesa de ayuda t\u00e9cnica y pedag\u00f3gica para alumnos y profesores \/ capacitadores, y ofrecemos distintos tipos de asesoramiento: asesoramiento\/soporte a administradores de tecnolog\u00eda y a docentes en la toma de decisiones sobre estrategias did\u00e1cticas y tecnol\u00f3gicas.<\/p>\t\t\t\t\t\t\t\t<\/div>\n\t\t\t\t<\/div>\n\t\t\t\t\t<\/div>\n\t\t<\/div>\n\t\t\t\t\t<\/div>\n\t\t<\/section>\n\t\t\t\t<section class=\"elementor-section elementor-top-section elementor-element elementor-element-7ceb1c5 elementor-section-boxed elementor-section-height-default elementor-section-height-default\" data-id=\"7ceb1c5\" data-element_type=\"section\" data-e-type=\"section\">\n\t\t\t\t\t\t<div class=\"elementor-container elementor-column-gap-default\">\n\t\t\t\t\t<div class=\"elementor-column elementor-col-100 elementor-top-column elementor-element elementor-element-110a676\" data-id=\"110a676\" data-element_type=\"column\" data-e-type=\"column\">\n\t\t\t<div class=\"elementor-widget-wrap elementor-element-populated\">\n\t\t\t\t\t\t<div class=\"elementor-element elementor-element-0a0d553 elementor-align-center elementor-widget elementor-widget-button\" data-id=\"0a0d553\" data-element_type=\"widget\" data-e-type=\"widget\" data-widget_type=\"button.default\">\n\t\t\t\t<div class=\"elementor-widget-container\">\n\t\t\t\t\t\t\t\t\t<div class=\"elementor-button-wrapper\">\n\t\t\t\t\t<a class=\"elementor-button elementor-button-link elementor-size-md\" href=\"https:\/\/cedite.facet.unt.edu.ar\/?page_id=234\">\n\t\t\t\t\t\t<span class=\"elementor-button-content-wrapper\">\n\t\t\t\t\t\t\t\t\t<span class=\"elementor-button-text\">Regresar<\/span>\n\t\t\t\t\t<\/span>\n\t\t\t\t\t<\/a>\n\t\t\t\t<\/div>\n\t\t\t\t\t\t\t\t<\/div>\n\t\t\t\t<\/div>\n\t\t\t\t\t<\/div>\n\t\t<\/div>\n\t\t\t\t\t<\/div>\n\t\t<\/section>\n\t\t\t\t<\/div>\n\t\t","protected":false},"excerpt":{"rendered":"<p>Campus Virtuales de la Universidad Nacional de Tucum\u00e1n: FACETVirtual.unt.edu.ar de la Facultad de Ciencias Exactas y Tecnolog\u00eda (facetvirtual.facet.unt.edu.ar) \u00a0 \u00a0 Desde Agosto de 2011. PsicoVirtual.unt.edu.ar de la Facultad de Psicolog\u00eda (psicovirtual.unt.edu.ar) Campus.filo.unt.edu.ar de la Facultad de Filosof\u00eda y Letras (campus.filo.unt.edu.ar) Campus virtuales de Escuelas experimentales de la Universidad Nacional de Tucum\u00e1n: Instituto T\u00e9cnico (it.unt.edu.ar) Instituto [&hellip;]<\/p>\n","protected":false},"author":1,"featured_media":0,"parent":0,"menu_order":0,"comment_status":"closed","ping_status":"closed","template":"","meta":{"_vp_format_video_url":"","_vp_image_focal_point":[],"footnotes":""},"class_list":["post-1113","page","type-page","status-publish","hentry"],"_links":{"self":[{"href":"https:\/\/cedite.facet.unt.edu.ar\/index.php?rest_route=\/wp\/v2\/pages\/1113","targetHints":{"allow":["GET"]}}],"collection":[{"href":"https:\/\/cedite.facet.unt.edu.ar\/index.php?rest_route=\/wp\/v2\/pages"}],"about":[{"href":"https:\/\/cedite.facet.unt.edu.ar\/index.php?rest_route=\/wp\/v2\/types\/page"}],"author":[{"embeddable":true,"href":"https:\/\/cedite.facet.unt.edu.ar\/index.php?rest_route=\/wp\/v2\/users\/1"}],"replies":[{"embeddable":true,"href":"https:\/\/cedite.facet.unt.edu.ar\/index.php?rest_route=%2Fwp%2Fv2%2Fcomments&post=1113"}],"version-history":[{"count":64,"href":"https:\/\/cedite.facet.unt.edu.ar\/index.php?rest_route=\/wp\/v2\/pages\/1113\/revisions"}],"predecessor-version":[{"id":1348,"href":"https:\/\/cedite.facet.unt.edu.ar\/index.php?rest_route=\/wp\/v2\/pages\/1113\/revisions\/1348"}],"wp:attachment":[{"href":"https:\/\/cedite.facet.unt.edu.ar\/index.php?rest_route=%2Fwp%2Fv2%2Fmedia&parent=1113"}],"curies":[{"name":"wp","href":"https:\/\/api.w.org\/{rel}","templated":true}]}}